{"id":526,"date":"2019-12-14T18:04:38","date_gmt":"2019-12-14T17:04:38","guid":{"rendered":"https:\/\/www.chianina-zucht.de\/?page_id=526"},"modified":"2019-12-14T18:13:27","modified_gmt":"2019-12-14T17:13:27","slug":"chianina-fleisch","status":"publish","type":"page","link":"https:\/\/www.chianina-zucht.de\/en\/chianina-fleisch\/","title":{"rendered":"Chianina Fleisch"},"content":{"rendered":"<p><span style=\"font-family: verdana, geneva, sans-serif;\">Das Fleisch der Chianina-Rinder ist eine Delikatesse und daher in Deutschland nur schwer zu bekommen. <\/span><span style=\"font-family: verdana, geneva, sans-serif;\">Ab<span style=\"color: #ff0000;\"> <strong>M\u00e4rz 2020<\/strong> <\/span>bieten wir Ihnen nun die M\u00f6glichkeit an, \u00fcber unseren Partner<\/span><\/p>\n<p style=\"text-align: center;\"><span style=\"font-family: verdana, geneva, sans-serif;\"><span style=\"color: #ffff00;\"><strong>Landmetzgerei Maus\u00a0 <\/strong><\/span><span class=\"LrzXr\"><span style=\"color: #ffff00;\">Auf der Fahrt 1, 56291 Badenhard<\/span><br \/>\n<span style=\"color: #ffff00;\">Tel: +49 <span class=\"LrzXr zdqRlf kno-fv\">6746 395<\/span><\/span><br \/>\n<\/span><\/span><\/p>\n<p><span style=\"font-family: verdana, geneva, sans-serif;\">in den Genuss dieser toskanischen Spezialit\u00e4t zu kommen.<\/span><\/p>\n<p>Aufgrund der Exklusivit\u00e4t der Rasse ist es allerdings nicht m\u00f6glich, das Fleisch auf Vorrat zu produzieren. Daher ist eine telefonische Vorbestellung zwingend erforderlich.<br \/>\nWir danken f\u00fcr Ihr Verst\u00e4ndnis.<\/p>\n","protected":false},"excerpt":{"rendered":"<p>Das Fleisch der Chianina-Rinder ist eine Delikatesse und daher in Deutschland nur schwer zu bekommen. Ab M\u00e4rz 2020 bieten wir Ihnen nun die M\u00f6glichkeit an, \u00fcber unseren Partner Landmetzgerei Maus\u00a0 Auf der Fahrt 1, 56291 Badenhard Tel: +49 6746 395 in den Genuss dieser toskanischen Spezialit\u00e4t zu kommen. Aufgrund der Exklusivit\u00e4t der Rasse ist es &hellip; <\/p>\n<p class=\"link-more\"><a href=\"https:\/\/www.chianina-zucht.de\/en\/chianina-fleisch\/\" class=\"more-link\">Continue reading<span class=\"screen-reader-text\"> &#8220;Chianina Fleisch&#8221;<\/span><\/a><\/p>\n","protected":false},"author":1,"featured_media":0,"parent":0,"menu_order":0,"comment_status":"closed","ping_status":"closed","template":"","meta":{"footnotes":""},"class_list":["post-526","page","type-page","status-publish","hentry"],"translation":{"provider":"WPGlobus","version":"3.0.2","language":"en","enabled_languages":["de","en"],"languages":{"de":{"title":true,"content":true,"excerpt":false},"en":{"title":false,"content":false,"excerpt":false}}},"aioseo_notices":[],"_links":{"self":[{"href":"https:\/\/www.chianina-zucht.de\/en\/wp-json\/wp\/v2\/pages\/526","targetHints":{"allow":["GET"]}}],"collection":[{"href":"https:\/\/www.chianina-zucht.de\/en\/wp-json\/wp\/v2\/pages"}],"about":[{"href":"https:\/\/www.chianina-zucht.de\/en\/wp-json\/wp\/v2\/types\/page"}],"author":[{"embeddable":true,"href":"https:\/\/www.chianina-zucht.de\/en\/wp-json\/wp\/v2\/users\/1"}],"replies":[{"embeddable":true,"href":"https:\/\/www.chianina-zucht.de\/en\/wp-json\/wp\/v2\/comments?post=526"}],"version-history":[{"count":1,"href":"https:\/\/www.chianina-zucht.de\/en\/wp-json\/wp\/v2\/pages\/526\/revisions"}],"predecessor-version":[{"id":537,"href":"https:\/\/www.chianina-zucht.de\/en\/wp-json\/wp\/v2\/pages\/526\/revisions\/537"}],"wp:attachment":[{"href":"https:\/\/www.chianina-zucht.de\/en\/wp-json\/wp\/v2\/media?parent=526"}],"curies":[{"name":"wp","href":"https:\/\/api.w.org\/{rel}","templated":true}]}}