{"id":84,"date":"2018-08-27T10:37:33","date_gmt":"2018-08-27T08:37:33","guid":{"rendered":"http:\/\/www.chianina-zucht.de\/?page_id=84"},"modified":"2018-09-28T18:51:07","modified_gmt":"2018-09-28T16:51:07","slug":"datenschutzerklaerung","status":"publish","type":"page","link":"https:\/\/www.chianina-zucht.de\/en\/datenschutzerklaerung\/","title":{"rendered":"Datenschutzerkl\u00e4rung"},"content":{"rendered":"<p><strong>Grundlegendes<br \/>\n<\/strong>Diese Datenschutzerkl\u00e4rung soll die Nutzer dieser Website \u00fcber die Art, den Umfang und den Zweck der Erhebung und Verwendung personenbezogener Daten durch den Websitebetreiber informieren.<br \/>\nDer Websitebetreiber nimmt den Datenschutz sehr ernst und behandelt deine personenbezogenen Daten vertraulich und entsprechend der gesetzlichen Vorschriften. Da durch neue Technologien und die st\u00e4ndige Weiterentwicklung dieser Webseite \u00c4nderungen an dieser Datenschutzerkl\u00e4rung vorgenommen werden k\u00f6nnen, empfehlen wir Dir sich die Datenschutzerkl\u00e4rung in regelm\u00e4\u00dfigen Abst\u00e4nden wieder durchzulesen.<\/p>\n<p>Definitionen der verwendeten Begriffe (z.B. \u201cpersonenbezogene Daten\u201d oder \u201cVerarbeitung\u201d) finden Sie in Art. 4 DSGVO.<\/p>\n<p><strong>Verantwortliche Stelle<br \/>\n<\/strong>Verantwortliche Stelle im Sinne des \u00a7 3 Abs. 7 Bundesdatenschutzgesetz (\u201eBDSG\u201c) sowie Diensteanbieter im Sinne des \u00a7 13 Telemediengesetz (\u201eTMG\u201c) ist:<\/p>\n<p>Frank Junker<br \/>\nLoreleystra\u00dfe 1<br \/>\n56329 St. Goar<br \/>\nDeutschland<\/p>\n<p>mail: info@chianina-zucht.de<\/p>\n<p><strong>Nutzung der Webseite \/ Zugriffsdaten<br \/>\n<\/strong>Beim Zugriff auf die Webseiten von Chianina-Zucht.de \u00fcbermittelt Ihr Internetbrowser aus technischen Gr\u00fcnden automatisch Daten. Wir, der Websitebetreiber bzw. Seitenprovider, erheben aufgrund unseres berechtigten Interesses (s. Art. 6 Abs. 1 lit. f. DSGVO) Daten \u00fcber Zugriffe auf die Website und speichern diese als \u201eServer-Logfiles\u201c auf dem Server der Website ab. Folgende Daten werden getrennt von anderen Daten, die Sie unter Umst\u00e4nden an uns \u00fcbermitteln, so protokolliert<\/p>\n<p>\u2014 Datum und Uhrzeit des Zugriffs<br \/>\n\u2014 IP-Adresse<br \/>\n\u2014 Browsertyp\/ -version<br \/>\n\u2014 verwendetes Betriebssystem<br \/>\n\u2014 URL der zuvor besuchten Webseite<\/p>\n<p>Diese Daten werden ausschlie\u00dflich aus technischen Gr\u00fcnden und aus unserem berechtigten Interesse an der Sicherung unserer Systeme heraus verarbeitet und werden nur bei einem Sicherheitsvorfall einer bestimmten Person zugeordnet.<\/p>\n<p>In der Regel l\u00f6schen wir diese Daten sp\u00e4testens nach sieben Tagen und behalten sie nur l\u00e4nger, wenn sie im Zusammenhang mit einem Sicherheitsvorfall stehen k\u00f6nnen. Dann speichern wir die Daten bis zur abschlie\u00dfenden Kl\u00e4rung des Vorfalls.<\/p>\n<p><strong>Erfassung und Verarbeitung personenbezogener Daten<br \/>\n<\/strong>Der Websitebetreiber erhebt, nutzt und gibt personenbezogenen Daten nur dann weiter, wenn dies im gesetzlichen Rahmen erlaubt ist oder Du in die Datenerhebung einwilligst.<br \/>\nAls personenbezogene Daten gelten s\u00e4mtliche Informationen, welche dazu dienen, deine Person zu bestimmen und welche zu dir zur\u00fcckverfolgt werden k\u00f6nnen \u2013 also beispielsweise dein Name, deine E-Mail-Adresse oder deine Telefonnummer.<\/p>\n<p>Unsere Website k\u00f6nnen Sie auch besuchen, ohne Angaben zu IhrerPerson zu machen. Zur Verbesserung unseres Online-Angebotes speichern wir jedoch (ohne Personenbezug) deine Zugriffsdaten auf diese Website. Zu diesen Zugriffsdaten geh\u00f6ren z. B. die von Ihnen angeforderte Datei oder der Name Ihres Internet-Providers.<br \/>\nDurch die Anonymisierung der Daten sind R\u00fcckschl\u00fcsse auf Ihre Person nicht m\u00f6glich.<\/p>\n<p><strong>Umgang mit Kontaktdaten<br \/>\n<\/strong>Nehmen Sie\u00a0 mit uns als Websitebetreiber durch die angebotenen Kontaktm\u00f6glichkeiten Verbindung auf, werden Ihre Angaben gespeichert, damit auf diese zur Bearbeitung und Beantwortung Ihrer Anfrage zur\u00fcckgegriffen werden kann. Ohne Ihre Einwilligung werden diese Daten nicht an Dritte weitergegeben.<\/p>\n<p><strong>L\u00f6schung von Daten<br \/>\n<\/strong>Sofern Ihr Wunsch nicht mit einer gesetzlichen Pflicht zur Aufbewahrung von Daten (z. B. Vorratsdatenspeicherung) kollidiert, haben Sie ein Anrecht auf L\u00f6schung IhrerDaten. Von uns gespeicherte Daten werden, sollten sie f\u00fcr ihre Zweckbestimmung nicht mehr vonn\u00f6ten sein und es keine gesetzlichen Aufbewahrungsfristen geben, gel\u00f6scht. Falls eine L\u00f6schung nicht durchgef\u00fchrt werden kann, da die Daten f\u00fcr zul\u00e4ssige gesetzliche Zwecke erforderlich sind, erfolgt eine Einschr\u00e4nkung der Datenverarbeitung. In diesem Fall werden die Daten gesperrt und nicht f\u00fcr andere Zwecke verarbeitet.<strong>\u00a0<\/strong><\/p>\n<p><strong>Widerspruchsrecht<br \/>\n<\/strong>Nutzer dieser Webseite k\u00f6nnen von ihrem Widerspruchsrecht Gebrauch machen und der Verarbeitung ihrer personenbezogenen Daten zu jeder Zeit widersprechen.<br \/>\nWenn Sie eine Berichtigung, Sperrung, L\u00f6schung oder Auskunft \u00fcber die zu Ihrer Person gespeicherten personenbezogenen Daten w\u00fcnschen oder Fragen bzgl. der Erhebung, Verarbeitung oder Verwendung deiner personenbezogenen Daten hast oder erteilte Einwilligungen widerrufen m\u00f6chtest, wenden Sie sich\u00a0 bitte an folgende E-Mail-Adresse:<br \/>\ninfo@chianina-zucht.de<\/p>\n<h3><\/h3>\n","protected":false},"excerpt":{"rendered":"<p>Grundlegendes Diese Datenschutzerkl\u00e4rung soll die Nutzer dieser Website \u00fcber die Art, den Umfang und den Zweck der Erhebung und Verwendung personenbezogener Daten durch den Websitebetreiber informieren. Der Websitebetreiber nimmt den Datenschutz sehr ernst und behandelt deine personenbezogenen Daten vertraulich und entsprechend der gesetzlichen Vorschriften. Da durch neue Technologien und die st\u00e4ndige Weiterentwicklung dieser Webseite \u00c4nderungen &hellip; <\/p>\n<p class=\"link-more\"><a href=\"https:\/\/www.chianina-zucht.de\/en\/datenschutzerklaerung\/\" class=\"more-link\">Continue reading<span class=\"screen-reader-text\"> &#8220;Datenschutzerkl\u00e4rung&#8221;<\/span><\/a><\/p>\n","protected":false},"author":1,"featured_media":0,"parent":0,"menu_order":0,"comment_status":"closed","ping_status":"closed","template":"","meta":{"footnotes":""},"class_list":["post-84","page","type-page","status-publish","hentry"],"translation":{"provider":"WPGlobus","version":"3.0.2","language":"en","enabled_languages":["de","en"],"languages":{"de":{"title":true,"content":true,"excerpt":false},"en":{"title":false,"content":false,"excerpt":false}}},"aioseo_notices":[],"_links":{"self":[{"href":"https:\/\/www.chianina-zucht.de\/en\/wp-json\/wp\/v2\/pages\/84","targetHints":{"allow":["GET"]}}],"collection":[{"href":"https:\/\/www.chianina-zucht.de\/en\/wp-json\/wp\/v2\/pages"}],"about":[{"href":"https:\/\/www.chianina-zucht.de\/en\/wp-json\/wp\/v2\/types\/page"}],"author":[{"embeddable":true,"href":"https:\/\/www.chianina-zucht.de\/en\/wp-json\/wp\/v2\/users\/1"}],"replies":[{"embeddable":true,"href":"https:\/\/www.chianina-zucht.de\/en\/wp-json\/wp\/v2\/comments?post=84"}],"version-history":[{"count":1,"href":"https:\/\/www.chianina-zucht.de\/en\/wp-json\/wp\/v2\/pages\/84\/revisions"}],"predecessor-version":[{"id":152,"href":"https:\/\/www.chianina-zucht.de\/en\/wp-json\/wp\/v2\/pages\/84\/revisions\/152"}],"wp:attachment":[{"href":"https:\/\/www.chianina-zucht.de\/en\/wp-json\/wp\/v2\/media?parent=84"}],"curies":[{"name":"wp","href":"https:\/\/api.w.org\/{rel}","templated":true}]}}